{"id":210,"date":"2021-04-12T22:59:54","date_gmt":"2021-04-12T20:59:54","guid":{"rendered":"http:\/\/salon-darmstadt.de\/wp\/?page_id=210"},"modified":"2021-04-12T23:09:35","modified_gmt":"2021-04-12T21:09:35","slug":"impressum","status":"publish","type":"page","link":"https:\/\/salon-astrid.de\/?page_id=210","title":{"rendered":"Impressum"},"content":{"rendered":"\t\t<div data-elementor-type=\"wp-page\" data-elementor-id=\"210\" class=\"elementor elementor-210\">\n\t\t\t\t\t\t<section class=\"elementor-section elementor-top-section elementor-element elementor-element-c4edc30 elementor-section-boxed elementor-section-height-default elementor-section-height-default\" data-id=\"c4edc30\" data-element_type=\"section\">\n\t\t\t\t\t\t<div class=\"elementor-container elementor-column-gap-default\">\n\t\t\t\t\t<div class=\"elementor-column elementor-col-100 elementor-top-column elementor-element elementor-element-ea9223b\" data-id=\"ea9223b\" data-element_type=\"column\">\n\t\t\t<div class=\"elementor-widget-wrap elementor-element-populated\">\n\t\t\t\t\t\t<div class=\"elementor-element elementor-element-d12277f elementor-widget elementor-widget-text-editor\" data-id=\"d12277f\" data-element_type=\"widget\" data-widget_type=\"text-editor.default\">\n\t\t\t\t<div class=\"elementor-widget-container\">\n\t\t\t\t\t\t\t<b>Impressum<\/b><br><br>\n<b>Salon Astrid<\/b><br>\nAstrid D\u00e4chert<br>\nFriseurmeisterin<br>\nSchlo\u00dfstr. 5<br>\n64297 Darmstadt\n<br><br>\n<strong>Kontakt<\/strong>\n<br>\nTelefon: +49\u00a06151\u00a0594545\n<br>\nE-Mail:\u00a0<a href=\"mailto:salon-astrid@t-online.de\">salon-astrid@t-online.de<\/a>\n<br><br>\n\n<strong>Registereintrag<\/strong>\n<br>\nEintragung im Handelsregister.<br>\nRegistergericht: Darmstadt\nRegisternummer: 4144391\n\n<br><br>\n<strong>Aufsichtsbeh\u00f6rde:<\/strong>\n\nHandwerkskammer Rhein-Main\n<br>\nSteuernummer:\n\n0781101971\n<br><br>\n\n<b>Haftungsausschluss<\/b>\n<br>\nTrotz sorgf\u00e4lltiger Pr\u00fcfung\u00a0k\u00f6nnen wir die Haftung f\u00fcr Inhalte Externer Links nicht \u00fcbernehmen.\n\nF\u00fcr die Inhalte dieser Seiten sind ausschlie\u00dflich deren Betreiber verantwortlich.\t\t\t\t\t\t<\/div>\n\t\t\t\t<\/div>\n\t\t\t\t\t<\/div>\n\t\t<\/div>\n\t\t\t\t\t<\/div>\n\t\t<\/section>\n\t\t\t\t<\/div>\n\t\t","protected":false},"excerpt":{"rendered":"<p>Impressum Salon Astrid Astrid D\u00e4chert Friseurmeisterin Schlo\u00dfstr. 5 64297 Darmstadt Kontakt Telefon: +49\u00a06151\u00a0594545 E-Mail:\u00a0salon-astrid@t-online.de Registereintrag Eintragung im Handelsregister. Registergericht: Darmstadt Registernummer: 4144391 Aufsichtsbeh\u00f6rde: Handwerkskammer Rhein-Main Steuernummer: 0781101971 Haftungsausschluss Trotz sorgf\u00e4lltiger Pr\u00fcfung\u00a0k\u00f6nnen wir die Haftung f\u00fcr Inhalte Externer Links nicht \u00fcbernehmen. F\u00fcr die Inhalte dieser Seiten sind ausschlie\u00dflich deren Betreiber verantwortlich.<\/p>\n","protected":false},"author":1,"featured_media":0,"parent":0,"menu_order":0,"comment_status":"closed","ping_status":"closed","template":"","meta":{"footnotes":""},"class_list":["post-210","page","type-page","status-publish","hentry","entry"],"yoast_head":"<!-- This site is optimized with the Yoast SEO plugin v21.9.1 - https:\/\/yoast.com\/wordpress\/plugins\/seo\/ -->\n<title>Impressum - Salon Astrid<\/title>\n<meta name=\"robots\" content=\"index, follow, max-snippet:-1, max-image-preview:large, max-video-preview:-1\" \/>\n<link rel=\"canonical\" href=\"https:\/\/salon-astrid.de\/?page_id=210\" \/>\n<meta property=\"og:locale\" content=\"de_DE\" \/>\n<meta property=\"og:type\" content=\"article\" \/>\n<meta property=\"og:title\" content=\"Impressum - Salon Astrid\" \/>\n<meta property=\"og:description\" content=\"Impressum Salon Astrid Astrid D\u00e4chert Friseurmeisterin Schlo\u00dfstr. 5 64297 Darmstadt Kontakt Telefon: +49\u00a06151\u00a0594545 E-Mail:\u00a0salon-astrid@t-online.de Registereintrag Eintragung im Handelsregister. Registergericht: Darmstadt Registernummer: 4144391 Aufsichtsbeh\u00f6rde: Handwerkskammer Rhein-Main Steuernummer: 0781101971 Haftungsausschluss Trotz sorgf\u00e4lltiger Pr\u00fcfung\u00a0k\u00f6nnen wir die Haftung f\u00fcr Inhalte Externer Links nicht \u00fcbernehmen. F\u00fcr die Inhalte dieser Seiten sind ausschlie\u00dflich deren Betreiber verantwortlich.\" \/>\n<meta property=\"og:url\" content=\"https:\/\/salon-astrid.de\/?page_id=210\" \/>\n<meta property=\"og:site_name\" content=\"Salon Astrid\" \/>\n<meta property=\"article:modified_time\" content=\"2021-04-12T21:09:35+00:00\" \/>\n<meta name=\"twitter:card\" content=\"summary_large_image\" \/>\n<script type=\"application\/ld+json\" class=\"yoast-schema-graph\">{\"@context\":\"https:\/\/schema.org\",\"@graph\":[{\"@type\":\"WebPage\",\"@id\":\"https:\/\/salon-astrid.de\/?page_id=210\",\"url\":\"https:\/\/salon-astrid.de\/?page_id=210\",\"name\":\"Impressum - Salon Astrid\",\"isPartOf\":{\"@id\":\"https:\/\/salon-astrid.de\/#website\"},\"datePublished\":\"2021-04-12T20:59:54+00:00\",\"dateModified\":\"2021-04-12T21:09:35+00:00\",\"breadcrumb\":{\"@id\":\"https:\/\/salon-astrid.de\/?page_id=210#breadcrumb\"},\"inLanguage\":\"de\",\"potentialAction\":[{\"@type\":\"ReadAction\",\"target\":[\"https:\/\/salon-astrid.de\/?page_id=210\"]}]},{\"@type\":\"BreadcrumbList\",\"@id\":\"https:\/\/salon-astrid.de\/?page_id=210#breadcrumb\",\"itemListElement\":[{\"@type\":\"ListItem\",\"position\":1,\"name\":\"Startseite\",\"item\":\"https:\/\/salon-astrid.de\/\"},{\"@type\":\"ListItem\",\"position\":2,\"name\":\"Impressum\"}]},{\"@type\":\"WebSite\",\"@id\":\"https:\/\/salon-astrid.de\/#website\",\"url\":\"https:\/\/salon-astrid.de\/\",\"name\":\"Salon Astrid\",\"description\":\"Wir bringen Leben in Ihr Haar.\",\"publisher\":{\"@id\":\"https:\/\/salon-astrid.de\/#organization\"},\"potentialAction\":[{\"@type\":\"SearchAction\",\"target\":{\"@type\":\"EntryPoint\",\"urlTemplate\":\"https:\/\/salon-astrid.de\/?s={search_term_string}\"},\"query-input\":\"required name=search_term_string\"}],\"inLanguage\":\"de\"},{\"@type\":\"Organization\",\"@id\":\"https:\/\/salon-astrid.de\/#organization\",\"name\":\"Salon Astrid\",\"url\":\"https:\/\/salon-astrid.de\/\",\"logo\":{\"@type\":\"ImageObject\",\"inLanguage\":\"de\",\"@id\":\"https:\/\/salon-astrid.de\/#\/schema\/logo\/image\/\",\"url\":\"https:\/\/salon-astrid.de\/wp-content\/uploads\/2021\/04\/cache_2480542773-1.png\",\"contentUrl\":\"https:\/\/salon-astrid.de\/wp-content\/uploads\/2021\/04\/cache_2480542773-1.png\",\"width\":163,\"height\":232,\"caption\":\"Salon Astrid\"},\"image\":{\"@id\":\"https:\/\/salon-astrid.de\/#\/schema\/logo\/image\/\"}}]}<\/script>\n<!-- \/ Yoast SEO plugin. -->","yoast_head_json":{"title":"Impressum - Salon Astrid","robots":{"index":"index","follow":"follow","max-snippet":"max-snippet:-1","max-image-preview":"max-image-preview:large","max-video-preview":"max-video-preview:-1"},"canonical":"https:\/\/salon-astrid.de\/?page_id=210","og_locale":"de_DE","og_type":"article","og_title":"Impressum - Salon Astrid","og_description":"Impressum Salon Astrid Astrid D\u00e4chert Friseurmeisterin Schlo\u00dfstr. 5 64297 Darmstadt Kontakt Telefon: +49\u00a06151\u00a0594545 E-Mail:\u00a0salon-astrid@t-online.de Registereintrag Eintragung im Handelsregister. Registergericht: Darmstadt Registernummer: 4144391 Aufsichtsbeh\u00f6rde: Handwerkskammer Rhein-Main Steuernummer: 0781101971 Haftungsausschluss Trotz sorgf\u00e4lltiger Pr\u00fcfung\u00a0k\u00f6nnen wir die Haftung f\u00fcr Inhalte Externer Links nicht \u00fcbernehmen. F\u00fcr die Inhalte dieser Seiten sind ausschlie\u00dflich deren Betreiber verantwortlich.","og_url":"https:\/\/salon-astrid.de\/?page_id=210","og_site_name":"Salon Astrid","article_modified_time":"2021-04-12T21:09:35+00:00","twitter_card":"summary_large_image","schema":{"@context":"https:\/\/schema.org","@graph":[{"@type":"WebPage","@id":"https:\/\/salon-astrid.de\/?page_id=210","url":"https:\/\/salon-astrid.de\/?page_id=210","name":"Impressum - Salon Astrid","isPartOf":{"@id":"https:\/\/salon-astrid.de\/#website"},"datePublished":"2021-04-12T20:59:54+00:00","dateModified":"2021-04-12T21:09:35+00:00","breadcrumb":{"@id":"https:\/\/salon-astrid.de\/?page_id=210#breadcrumb"},"inLanguage":"de","potentialAction":[{"@type":"ReadAction","target":["https:\/\/salon-astrid.de\/?page_id=210"]}]},{"@type":"BreadcrumbList","@id":"https:\/\/salon-astrid.de\/?page_id=210#breadcrumb","itemListElement":[{"@type":"ListItem","position":1,"name":"Startseite","item":"https:\/\/salon-astrid.de\/"},{"@type":"ListItem","position":2,"name":"Impressum"}]},{"@type":"WebSite","@id":"https:\/\/salon-astrid.de\/#website","url":"https:\/\/salon-astrid.de\/","name":"Salon Astrid","description":"Wir bringen Leben in Ihr Haar.","publisher":{"@id":"https:\/\/salon-astrid.de\/#organization"},"potentialAction":[{"@type":"SearchAction","target":{"@type":"EntryPoint","urlTemplate":"https:\/\/salon-astrid.de\/?s={search_term_string}"},"query-input":"required name=search_term_string"}],"inLanguage":"de"},{"@type":"Organization","@id":"https:\/\/salon-astrid.de\/#organization","name":"Salon Astrid","url":"https:\/\/salon-astrid.de\/","logo":{"@type":"ImageObject","inLanguage":"de","@id":"https:\/\/salon-astrid.de\/#\/schema\/logo\/image\/","url":"https:\/\/salon-astrid.de\/wp-content\/uploads\/2021\/04\/cache_2480542773-1.png","contentUrl":"https:\/\/salon-astrid.de\/wp-content\/uploads\/2021\/04\/cache_2480542773-1.png","width":163,"height":232,"caption":"Salon Astrid"},"image":{"@id":"https:\/\/salon-astrid.de\/#\/schema\/logo\/image\/"}}]}},"_links":{"self":[{"href":"https:\/\/salon-astrid.de\/index.php?rest_route=\/wp\/v2\/pages\/210","targetHints":{"allow":["GET"]}}],"collection":[{"href":"https:\/\/salon-astrid.de\/index.php?rest_route=\/wp\/v2\/pages"}],"about":[{"href":"https:\/\/salon-astrid.de\/index.php?rest_route=\/wp\/v2\/types\/page"}],"author":[{"embeddable":true,"href":"https:\/\/salon-astrid.de\/index.php?rest_route=\/wp\/v2\/users\/1"}],"replies":[{"embeddable":true,"href":"https:\/\/salon-astrid.de\/index.php?rest_route=%2Fwp%2Fv2%2Fcomments&post=210"}],"version-history":[{"count":7,"href":"https:\/\/salon-astrid.de\/index.php?rest_route=\/wp\/v2\/pages\/210\/revisions"}],"predecessor-version":[{"id":233,"href":"https:\/\/salon-astrid.de\/index.php?rest_route=\/wp\/v2\/pages\/210\/revisions\/233"}],"wp:attachment":[{"href":"https:\/\/salon-astrid.de\/index.php?rest_route=%2Fwp%2Fv2%2Fmedia&parent=210"}],"curies":[{"name":"wp","href":"https:\/\/api.w.org\/{rel}","templated":true}]}}